{"id":328,"date":"2025-06-25T07:48:39","date_gmt":"2025-06-25T07:48:39","guid":{"rendered":"https:\/\/stgnyefamilyla.wpenginepowered.com\/es\/?page_id=328"},"modified":"2025-11-06T05:23:34","modified_gmt":"2025-11-06T05:23:34","slug":"abogado-nye","status":"publish","type":"page","link":"https:\/\/www.nyefamilylaw.com\/es\/abogado-nye\/","title":{"rendered":"Abogado Nye"},"content":{"rendered":"\t\t<div data-elementor-type=\"wp-page\" data-elementor-id=\"328\" class=\"elementor elementor-328\" data-elementor-post-type=\"page\">\n\t\t\t\t<div class=\"elementor-element elementor-element-80f465b e-con-full e-flex e-con e-parent\" data-id=\"80f465b\" data-element_type=\"container\" data-e-type=\"container\">\n\t\t<div class=\"elementor-element elementor-element-2ac32f5 e-con-full in-atrny-blk e-flex e-con e-child\" data-id=\"2ac32f5\" data-element_type=\"container\" data-e-type=\"container\">\n\t\t<div class=\"elementor-element elementor-element-76e173b e-con-full e-flex e-con e-child\" data-id=\"76e173b\" data-element_type=\"container\" data-e-type=\"container\">\n\t\t<div class=\"elementor-element elementor-element-b8ad13c e-con-full e-flex e-con e-child\" data-id=\"b8ad13c\" data-element_type=\"container\" data-e-type=\"container\">\n\t\t<div class=\"elementor-element elementor-element-e8bdf64 e-con-full abtatrny-img-sec e-flex e-con e-child\" data-id=\"e8bdf64\" data-element_type=\"container\" data-e-type=\"container\" data-settings=\"{&quot;background_background&quot;:&quot;classic&quot;}\">\n\t\t\t\t<div class=\"elementor-element elementor-element-327d4ec elementor-widget elementor-widget-image\" data-id=\"327d4ec\" data-element_type=\"widget\" data-e-type=\"widget\" data-widget_type=\"image.default\">\n\t\t\t\t\t\t\t\t\t\t\t\t\t\t\t<img fetchpriority=\"high\" decoding=\"async\" width=\"428\" height=\"607\" src=\"https:\/\/www.nyefamilylaw.com\/es\/wp-content\/uploads\/sites\/2\/2025\/10\/abt-atrny.webp\" class=\"attachment-full size-full wp-image-568\" alt=\"Dexton H. Nye\" srcset=\"https:\/\/www.nyefamilylaw.com\/es\/wp-content\/uploads\/sites\/2\/2025\/10\/abt-atrny.webp 428w, https:\/\/www.nyefamilylaw.com\/es\/wp-content\/uploads\/sites\/2\/2025\/10\/abt-atrny-212x300.webp 212w\" sizes=\"(max-width: 428px) 100vw, 428px\" \/>\t\t\t\t\t\t\t\t\t\t\t\t\t\t\t<\/div>\n\t\t\t\t<\/div>\n\t\t<div class=\"elementor-element elementor-element-5e48370 e-con-full e-flex e-con e-child\" data-id=\"5e48370\" data-element_type=\"container\" data-e-type=\"container\" data-settings=\"{&quot;position&quot;:&quot;absolute&quot;}\">\n\t\t\t\t<div class=\"elementor-element elementor-element-2c67988 elementor-widget elementor-widget-heading\" data-id=\"2c67988\" data-element_type=\"widget\" data-e-type=\"widget\" data-widget_type=\"heading.default\">\n\t\t\t\t\t<h2 class=\"elementor-heading-title elementor-size-default\">Compasivo, experimentado y comprometido con su tranquilidad.<\/h2>\t\t\t\t<\/div>\n\t\t\t\t<\/div>\n\t\t\t\t<\/div>\n\t\t\t\t<\/div>\n\t\t<div class=\"elementor-element elementor-element-ca0d757 e-con-full in-atrny-cont e-flex e-con e-child\" data-id=\"ca0d757\" data-element_type=\"container\" data-e-type=\"container\">\n\t\t\t\t<div class=\"elementor-element elementor-element-7dcdf93 elementor-widget elementor-widget-heading\" data-id=\"7dcdf93\" data-element_type=\"widget\" data-e-type=\"widget\" data-widget_type=\"heading.default\">\n\t\t\t\t\t<h3 class=\"elementor-heading-title elementor-size-default\">Dexton H. Nye<\/h3>\t\t\t\t<\/div>\n\t\t\t\t<div class=\"elementor-element elementor-element-e86842b elementor-widget elementor-widget-heading\" data-id=\"e86842b\" data-element_type=\"widget\" data-e-type=\"widget\" data-widget_type=\"heading.default\">\n\t\t\t\t\t<h3 class=\"elementor-heading-title elementor-size-default\">Fundador y Abogado<\/h3>\t\t\t\t<\/div>\n\t\t<div class=\"elementor-element elementor-element-7216d3c e-con-full e-flex e-con e-child\" data-id=\"7216d3c\" data-element_type=\"container\" data-e-type=\"container\">\n\t\t\t\t<div class=\"elementor-element elementor-element-2094657 elementor-position-left in-atrny-call elementor-position-top elementor-position-top elementor-vertical-align-top elementor-vertical-align-top elementor-widget elementor-widget-image-box\" data-id=\"2094657\" data-element_type=\"widget\" data-e-type=\"widget\" data-widget_type=\"image-box.default\">\n\t\t\t\t\t<div class=\"elementor-image-box-wrapper\"><figure class=\"elementor-image-box-img\"><img decoding=\"async\" width=\"35\" height=\"37\" src=\"https:\/\/www.nyefamilylaw.com\/es\/wp-content\/uploads\/sites\/2\/2025\/10\/call-2.webp\" class=\"attachment-full size-full wp-image-569\" alt=\"Call Icon\" \/><\/figure><div class=\"elementor-image-box-content\"><h3 class=\"elementor-image-box-title\">Ll\u00e1manos<\/h3><p class=\"elementor-image-box-description\"><a href=\"tel:4802539065\" style=\"color:#15253f\">480-253-9065<\/a><\/p><\/div><\/div>\t\t\t\t<\/div>\n\t\t<div class=\"elementor-element elementor-element-43c0b42 e-con-full in-atrny-loc e-flex e-con e-child\" data-id=\"43c0b42\" data-element_type=\"container\" data-e-type=\"container\">\n\t\t<div class=\"elementor-element elementor-element-9611dfe e-con-full e-flex e-con e-child\" data-id=\"9611dfe\" data-element_type=\"container\" data-e-type=\"container\">\n\t\t\t\t<div class=\"elementor-element elementor-element-63a42f6 elementor-widget elementor-widget-image\" data-id=\"63a42f6\" data-element_type=\"widget\" data-e-type=\"widget\" data-widget_type=\"image.default\">\n\t\t\t\t\t\t\t\t\t\t\t\t\t\t\t<img decoding=\"async\" width=\"27\" height=\"39\" src=\"https:\/\/www.nyefamilylaw.com\/es\/wp-content\/uploads\/sites\/2\/2025\/10\/loc-1.webp\" class=\"attachment-full size-full wp-image-570\" alt=\"Location Icon\" \/>\t\t\t\t\t\t\t\t\t\t\t\t\t\t\t<\/div>\n\t\t\t\t<\/div>\n\t\t<div class=\"elementor-element elementor-element-1f818fd e-con-full e-flex e-con e-child\" data-id=\"1f818fd\" data-element_type=\"container\" data-e-type=\"container\">\n\t\t\t\t<div class=\"elementor-element elementor-element-9efbafc elementor-widget elementor-widget-heading\" data-id=\"9efbafc\" data-element_type=\"widget\" data-e-type=\"widget\" data-widget_type=\"heading.default\">\n\t\t\t\t\t<h5 class=\"elementor-heading-title elementor-size-default\">Ubicaci\u00f3n<\/h5>\t\t\t\t<\/div>\n\t\t\t\t<div class=\"elementor-element elementor-element-2fce835 elementor-widget elementor-widget-text-editor\" data-id=\"2fce835\" data-element_type=\"widget\" data-e-type=\"widget\" data-widget_type=\"text-editor.default\">\n\t\t\t\t\t\t\t\t\t<p>1910 S Stapley Dr #221,<br \/>Mesa, AZ 85204<\/p>\t\t\t\t\t\t\t\t<\/div>\n\t\t\t\t<div class=\"elementor-element elementor-element-ecbcf4b elementor-widget elementor-widget-text-editor\" data-id=\"ecbcf4b\" data-element_type=\"widget\" data-e-type=\"widget\" data-widget_type=\"text-editor.default\">\n\t\t\t\t\t\t\t\t\t<p><a href=\"https:\/\/maps.app.goo.gl\/vodAUfqjdFNXe2xa7\" target=\"_blank\" rel=\"noopener\">Obtener direcciones<\/a><\/p>\t\t\t\t\t\t\t\t<\/div>\n\t\t\t\t<\/div>\n\t\t\t\t<\/div>\n\t\t\t\t<\/div>\n\t\t\t\t<div class=\"elementor-element elementor-element-836b728 elementor-mobile-align-center elementor-mobile_extra-align-center elementor-widget elementor-widget-button\" data-id=\"836b728\" data-element_type=\"widget\" data-e-type=\"widget\" data-widget_type=\"button.default\">\n\t\t\t\t\t\t\t\t\t\t<a class=\"elementor-button elementor-button-link elementor-size-sm\" href=\"https:\/\/www.nyefamilylaw.com\/contact-us\/\">\n\t\t\t\t\t\t<span class=\"elementor-button-content-wrapper\">\n\t\t\t\t\t\t\t\t\t<span class=\"elementor-button-text\">Contacta con nosotros<\/span>\n\t\t\t\t\t<\/span>\n\t\t\t\t\t<\/a>\n\t\t\t\t\t\t\t\t<\/div>\n\t\t\t\t<\/div>\n\t\t\t\t<\/div>\n\t\t\t\t<div class=\"elementor-element elementor-element-90c947f tit-color elementor-widget elementor-widget-heading\" data-id=\"90c947f\" data-element_type=\"widget\" data-e-type=\"widget\" data-widget_type=\"heading.default\">\n\t\t\t\t\t<h2 class=\"elementor-heading-title elementor-size-default\">Acerca del <strong>abogado Nye<\/strong><\/h2>\t\t\t\t<\/div>\n\t\t\t\t<div class=\"elementor-element elementor-element-388f645 elementor-widget elementor-widget-text-editor\" data-id=\"388f645\" data-element_type=\"widget\" data-e-type=\"widget\" data-widget_type=\"text-editor.default\">\n\t\t\t\t\t\t\t\t\t<p>Dexton H. Nye es el fundador y abogado principal de Nye Family Law, PLLC, una firma fundada en la firme convicci\u00f3n de que toda familia merece una representaci\u00f3n legal compasiva, profesional y eficaz. Desde sus inicios, Dexton ha tenido una misi\u00f3n clara: ayudar a personas y familias a afrontar algunos de los desaf\u00edos legales m\u00e1s dif\u00edciles de la vida con integridad, dedicaci\u00f3n y un profundo conocimiento del derecho de familia de Arizona.<\/p><p>La pr\u00e1ctica legal de Dexton se centra exclusivamente en derecho de familia e inmigraci\u00f3n familiar. Representa a clientes en diversos casos, incluyendo divorcio, custodia de menores, manutenci\u00f3n infantil, paternidad, \u00f3rdenes de protecci\u00f3n y cancelaci\u00f3n de procedimientos de deportaci\u00f3n. Ya sea que se trate de una disputa por la custodia o de un asunto migratorio complejo, Dexton aborda cada caso con la misma precisi\u00f3n, consideraci\u00f3n y respeto.<\/p><p>Los clientes acuden a Dexton no solo por sus habilidades legales, sino tambi\u00e9n por su sincera dedicaci\u00f3n a su bienestar. Entiende que los asuntos legales familiares no se limitan a la ley, sino que se centran en las personas, las relaciones y el futuro. Su enfoque se basa en la empat\u00eda y la orientaci\u00f3n a resultados, garantizando que cada cliente reciba orientaci\u00f3n individualizada y una s\u00f3lida defensa de principio a fin.<\/p><p>La pasi\u00f3n de Dexton por ayudar a las familias nace de su profundo compromiso con sus seres queridos. Fuera de la oficina, disfruta de pasar tiempo valioso con su esposa e hijos, priorizando en casa los mismos valores que aplica en su pr\u00e1ctica. Esta dedicaci\u00f3n personal a la familia inspira su trabajo y moldea su convicci\u00f3n de que cada cliente merece un defensor que realmente se preocupe por \u00e9l.<\/p><p>En Nye Family Law, Dexton combina experiencia con compasi\u00f3n para ayudar a las familias a salir adelante. Hace m\u00e1s que representar a sus clientes: colabora con ellos, brind\u00e1ndoles asesoramiento honesto y apoyo constante cuando m\u00e1s lo necesitan.<\/p>\t\t\t\t\t\t\t\t<\/div>\n\t\t\t\t<\/div>\n\t\t\t\t<\/div>\n\t\t","protected":false},"excerpt":{"rendered":"<p>Compasivo, experimentado y comprometido con su tranquilidad. Dexton H. Nye Fundador y Abogado Ll\u00e1manos 480-253-9065 Ubicaci\u00f3n 1910 S Stapley Dr #221,Mesa, AZ 85204 Obtener direcciones Contacta con nosotros Acerca del abogado Nye Dexton H. Nye es el fundador y abogado principal de Nye Family Law, PLLC, una firma fundada en la firme convicci\u00f3n de que [&hellip;]<\/p>\n","protected":false},"author":2,"featured_media":0,"parent":0,"menu_order":0,"comment_status":"closed","ping_status":"closed","template":"elementor_theme","meta":{"footnotes":""},"class_list":["post-328","page","type-page","status-publish","hentry"],"_links":{"self":[{"href":"https:\/\/www.nyefamilylaw.com\/es\/wp-json\/wp\/v2\/pages\/328","targetHints":{"allow":["GET"]}}],"collection":[{"href":"https:\/\/www.nyefamilylaw.com\/es\/wp-json\/wp\/v2\/pages"}],"about":[{"href":"https:\/\/www.nyefamilylaw.com\/es\/wp-json\/wp\/v2\/types\/page"}],"author":[{"embeddable":true,"href":"https:\/\/www.nyefamilylaw.com\/es\/wp-json\/wp\/v2\/users\/2"}],"replies":[{"embeddable":true,"href":"https:\/\/www.nyefamilylaw.com\/es\/wp-json\/wp\/v2\/comments?post=328"}],"version-history":[{"count":0,"href":"https:\/\/www.nyefamilylaw.com\/es\/wp-json\/wp\/v2\/pages\/328\/revisions"}],"wp:attachment":[{"href":"https:\/\/www.nyefamilylaw.com\/es\/wp-json\/wp\/v2\/media?parent=328"}],"curies":[{"name":"wp","href":"https:\/\/api.w.org\/{rel}","templated":true}]}}